{"id":2527,"date":"2025-12-04T02:16:43","date_gmt":"2025-12-04T02:16:43","guid":{"rendered":"https:\/\/vp88.vn\/?page_id=2527"},"modified":"2026-01-06T06:22:12","modified_gmt":"2026-01-06T06:22:12","slug":"chuong-trinh-cong-tac-vien","status":"publish","type":"page","link":"https:\/\/vp88.vn\/km\/chuong-trinh-cong-tac-vien\/","title":{"rendered":"Ch\u01b0\u01a1ng Tr\u00ecnh C\u1ed9ng T\u00e1c Vi\u00ean"},"content":{"rendered":"<div class=\"row\"  id=\"row-1340110843\">\n\n\t<div id=\"col-1547813585\" class=\"col small-12 large-12\"  >\n\t\t\t\t<div class=\"col-inner\"  >\n\t\t\t\n\t\t\t\n<h2>Tuy\u1ec3n C\u1ed9ng T\u00e1c Vi\u00ean To\u00e0n Qu\u1ed1c<\/h2>\n\t\t<\/div>\n\t\t\t\t\n<style>\n#col-1547813585 > .col-inner {\n  padding: 50px 0px 0px 0px;\n}\n<\/style>\n\t<\/div>\n\n\t\n<\/div>\n<div class=\"row\"  id=\"row-633797038\">\n\n\t<div id=\"col-244480049\" class=\"col medium-4 small-12 large-4\"  >\n\t\t\t\t<div class=\"col-inner\"  >\n\t\t\t\n\t\t\t\n\t<div class=\"img has-hover x md-x lg-x y md-y lg-y\" id=\"image_1889585440\">\n\t\t\t\t\t\t\t\t<div class=\"img-inner dark\" >\n\t\t\t<img loading=\"lazy\" decoding=\"async\" width=\"2121\" height=\"2560\" src=\"https:\/\/vp88.vn\/wp-content\/uploads\/2026\/01\/1-2-scaled.png\" class=\"attachment-original size-original\" alt=\"\" srcset=\"https:\/\/vp88.vn\/wp-content\/uploads\/2026\/01\/1-2-scaled.png 2121w, https:\/\/vp88.vn\/wp-content\/uploads\/2026\/01\/1-2-249x300.png 249w, https:\/\/vp88.vn\/wp-content\/uploads\/2026\/01\/1-2-849x1024.png 849w, https:\/\/vp88.vn\/wp-content\/uploads\/2026\/01\/1-2-768x927.png 768w, https:\/\/vp88.vn\/wp-content\/uploads\/2026\/01\/1-2-1273x1536.png 1273w, https:\/\/vp88.vn\/wp-content\/uploads\/2026\/01\/1-2-1697x2048.png 1697w, https:\/\/vp88.vn\/wp-content\/uploads\/2026\/01\/1-2-10x12.png 10w\" sizes=\"auto, (max-width: 2121px) 100vw, 2121px\" \/>\t\t\t\t\t\t\n\t\t\t\t\t<\/div>\n\t\t\t\t\t\t\t\t\n<style>\n#image_1889585440 {\n  width: 100%;\n}\n<\/style>\n\t<\/div>\n\t\n\t\t<\/div>\n\t\t\t\t\t<\/div>\n\n\t\n\n\t<div id=\"col-1589011723\" class=\"col medium-4 small-12 large-4\"  >\n\t\t\t\t<div class=\"col-inner\"  >\n\t\t\t\n\t\t\t\n\t<div class=\"img has-hover x md-x lg-x y md-y lg-y\" id=\"image_1675106727\">\n\t\t\t\t\t\t\t\t<div class=\"img-inner dark\" >\n\t\t\t<img loading=\"lazy\" decoding=\"async\" width=\"2121\" height=\"2560\" src=\"https:\/\/vp88.vn\/wp-content\/uploads\/2026\/01\/3424-scaled.png\" class=\"attachment-original size-original\" alt=\"\" srcset=\"https:\/\/vp88.vn\/wp-content\/uploads\/2026\/01\/3424-scaled.png 2121w, https:\/\/vp88.vn\/wp-content\/uploads\/2026\/01\/3424-249x300.png 249w, https:\/\/vp88.vn\/wp-content\/uploads\/2026\/01\/3424-849x1024.png 849w, https:\/\/vp88.vn\/wp-content\/uploads\/2026\/01\/3424-768x927.png 768w, https:\/\/vp88.vn\/wp-content\/uploads\/2026\/01\/3424-1273x1536.png 1273w, https:\/\/vp88.vn\/wp-content\/uploads\/2026\/01\/3424-1697x2048.png 1697w, https:\/\/vp88.vn\/wp-content\/uploads\/2026\/01\/3424-10x12.png 10w\" sizes=\"auto, (max-width: 2121px) 100vw, 2121px\" \/>\t\t\t\t\t\t\n\t\t\t\t\t<\/div>\n\t\t\t\t\t\t\t\t\n<style>\n#image_1675106727 {\n  width: 100%;\n}\n<\/style>\n\t<\/div>\n\t\n\t\t<\/div>\n\t\t\t\t\t<\/div>\n\n\t\n\n\t<div id=\"col-644999785\" class=\"col medium-4 small-12 large-4\"  >\n\t\t\t\t<div class=\"col-inner\"  >\n\t\t\t\n\t\t\t\n\t<div class=\"img has-hover x md-x lg-x y md-y lg-y\" id=\"image_927424403\">\n\t\t\t\t\t\t\t\t<div class=\"img-inner dark\" >\n\t\t\t<img loading=\"lazy\" decoding=\"async\" width=\"2127\" height=\"2560\" src=\"https:\/\/vp88.vn\/wp-content\/uploads\/2026\/01\/Gemini_Generated_Image_selau9selau9sela-scaled.png\" class=\"attachment-original size-original\" alt=\"\" srcset=\"https:\/\/vp88.vn\/wp-content\/uploads\/2026\/01\/Gemini_Generated_Image_selau9selau9sela-scaled.png 2127w, https:\/\/vp88.vn\/wp-content\/uploads\/2026\/01\/Gemini_Generated_Image_selau9selau9sela-249x300.png 249w, https:\/\/vp88.vn\/wp-content\/uploads\/2026\/01\/Gemini_Generated_Image_selau9selau9sela-851x1024.png 851w, https:\/\/vp88.vn\/wp-content\/uploads\/2026\/01\/Gemini_Generated_Image_selau9selau9sela-768x924.png 768w, https:\/\/vp88.vn\/wp-content\/uploads\/2026\/01\/Gemini_Generated_Image_selau9selau9sela-1276x1536.png 1276w, https:\/\/vp88.vn\/wp-content\/uploads\/2026\/01\/Gemini_Generated_Image_selau9selau9sela-1702x2048.png 1702w, https:\/\/vp88.vn\/wp-content\/uploads\/2026\/01\/Gemini_Generated_Image_selau9selau9sela-10x12.png 10w\" sizes=\"auto, (max-width: 2127px) 100vw, 2127px\" \/>\t\t\t\t\t\t\n\t\t\t\t\t<\/div>\n\t\t\t\t\t\t\t\t\n<style>\n#image_927424403 {\n  width: 100%;\n}\n<\/style>\n\t<\/div>\n\t\n\t\t<\/div>\n\t\t\t\t\t<\/div>\n\n\t\n\n<style>\n#row-633797038 > .col > .col-inner {\n  padding: 0px 0px 0px 0px;\n}\n@media (min-width:550px) {\n  #row-633797038 > .col > .col-inner {\n    padding: 0px 0px 0px 0px;\n  }\n}\n<\/style>\n<\/div>\n<div class=\"row\"  id=\"row-33533304\">\n\n\t<div id=\"col-1515614246\" class=\"col small-12 large-12\"  >\n\t\t\t\t<div class=\"col-inner\"  >\n\t\t\t\n\t\t\t\n\t<div class=\"img has-hover x md-x lg-x y md-y lg-y\" id=\"image_800522150\">\n\t\t\t\t\t\t\t\t<div class=\"img-inner dark\" >\n\t\t\t<img loading=\"lazy\" decoding=\"async\" width=\"1212\" height=\"822\" src=\"https:\/\/vp88.vn\/wp-content\/uploads\/2025\/12\/z7290526529374_84b7919ade0dc38443e8e493bd0f6c3c.jpg\" class=\"attachment-original size-original\" alt=\"\" srcset=\"https:\/\/vp88.vn\/wp-content\/uploads\/2025\/12\/z7290526529374_84b7919ade0dc38443e8e493bd0f6c3c.jpg 1212w, https:\/\/vp88.vn\/wp-content\/uploads\/2025\/12\/z7290526529374_84b7919ade0dc38443e8e493bd0f6c3c-300x203.jpg 300w, https:\/\/vp88.vn\/wp-content\/uploads\/2025\/12\/z7290526529374_84b7919ade0dc38443e8e493bd0f6c3c-1024x694.jpg 1024w, https:\/\/vp88.vn\/wp-content\/uploads\/2025\/12\/z7290526529374_84b7919ade0dc38443e8e493bd0f6c3c-768x521.jpg 768w, https:\/\/vp88.vn\/wp-content\/uploads\/2025\/12\/z7290526529374_84b7919ade0dc38443e8e493bd0f6c3c-18x12.jpg 18w\" sizes=\"auto, (max-width: 1212px) 100vw, 1212px\" \/>\t\t\t\t\t\t\n\t\t\t\t\t<\/div>\n\t\t\t\t\t\t\t\t\n<style>\n#image_800522150 {\n  width: 100%;\n}\n<\/style>\n\t<\/div>\n\t\n\t\t<\/div>\n\t\t\t\t\t<\/div>\n\n\t\n\n<style>\n#row-33533304 > .col > .col-inner {\n  padding: 0px 0px 0px 0px;\n}\n@media (min-width:550px) {\n  #row-33533304 > .col > .col-inner {\n    padding: 0px 0px 0px 0px;\n  }\n}\n<\/style>\n<\/div>","protected":false},"excerpt":{"rendered":"","protected":false},"author":1,"featured_media":0,"parent":0,"menu_order":0,"comment_status":"closed","ping_status":"closed","template":"","meta":{"footnotes":""},"class_list":["post-2527","page","type-page","status-publish","hentry"],"_links":{"self":[{"href":"https:\/\/vp88.vn\/km\/wp-json\/wp\/v2\/pages\/2527","targetHints":{"allow":["GET"]}}],"collection":[{"href":"https:\/\/vp88.vn\/km\/wp-json\/wp\/v2\/pages"}],"about":[{"href":"https:\/\/vp88.vn\/km\/wp-json\/wp\/v2\/types\/page"}],"author":[{"embeddable":true,"href":"https:\/\/vp88.vn\/km\/wp-json\/wp\/v2\/users\/1"}],"replies":[{"embeddable":true,"href":"https:\/\/vp88.vn\/km\/wp-json\/wp\/v2\/comments?post=2527"}],"version-history":[{"count":6,"href":"https:\/\/vp88.vn\/km\/wp-json\/wp\/v2\/pages\/2527\/revisions"}],"predecessor-version":[{"id":2570,"href":"https:\/\/vp88.vn\/km\/wp-json\/wp\/v2\/pages\/2527\/revisions\/2570"}],"wp:attachment":[{"href":"https:\/\/vp88.vn\/km\/wp-json\/wp\/v2\/media?parent=2527"}],"curies":[{"name":"wp","href":"https:\/\/api.w.org\/{rel}","templated":true}]}}